{"id":24,"date":"2026-02-19T20:45:36","date_gmt":"2026-02-19T20:45:36","guid":{"rendered":"https:\/\/e-kulturka.pl\/?page_id=24"},"modified":"2026-02-19T20:45:36","modified_gmt":"2026-02-19T20:45:36","slug":"o-blogu","status":"publish","type":"page","link":"https:\/\/e-kulturka.pl\/?page_id=24","title":{"rendered":"O blogu"},"content":{"rendered":"\n<p><strong>Agro\u015awiadomi \u2013 Wiedza, kt\u00f3ra Plonuje<\/strong> to przestrze\u0144 stworzona z my\u015bl\u0105 o osobach zajmuj\u0105cych si\u0119 ogrodnictwem i rolnictwem, kt\u00f3re chc\u0105 podejmowa\u0107 decyzje w oparciu o rzeteln\u0105 wiedz\u0119, a nie przypadkowe informacje. Blog powsta\u0142 jako odpowied\u017a na rosn\u0105c\u0105 potrzeb\u0119 \u0142\u0105czenia praktyki z nauk\u0105 oraz przedstawiania zagadnie\u0144 agrotechnicznych w spos\u00f3b zrozumia\u0142y, a jednocze\u015bnie merytoryczny.<\/p>\n\n\n\n<p>Naszym celem jest prezentowanie temat\u00f3w zwi\u0105zanych z nawo\u017ceniem, ochron\u0105 ro\u015blin, zarz\u0105dzaniem gleb\u0105 oraz rolnictwem precyzyjnym w spos\u00f3b uporz\u0105dkowany i logiczny. Ka\u017cdy artyku\u0142 opiera si\u0119 na aktualnej wiedzy bran\u017cowej i do\u015bwiadczeniu praktycznym.<\/p>\n\n\n\n<p><strong>Na blogu znajdziesz:<\/strong><\/p>\n\n\n\n<ul class=\"wp-block-list\">\n<li>analizy dotycz\u0105ce nawo\u017cenia makro- i mikroelementami<\/li>\n\n\n\n<li>om\u00f3wienia strategii integrowanej ochrony ro\u015blin<\/li>\n\n\n\n<li>praktyczne wskaz\u00f3wki zwi\u0105zane z planowaniem zabieg\u00f3w agrotechnicznych<\/li>\n\n\n\n<li>wyja\u015bnienia mechanizm\u00f3w zachodz\u0105cych w glebie i ro\u015blinie<\/li>\n\n\n\n<li>refleksje na temat przysz\u0142o\u015bci rolnictwa i odpowiedzialnej produkcji \u017cywno\u015bci<\/li>\n<\/ul>\n\n\n\n<p>Wierzymy, \u017ce<strong> \u015bwiadome rolnictwo<\/strong> to takie, kt\u00f3re \u0142\u0105czy efektywno\u015b\u0107 ekonomiczn\u0105 z trosk\u0105 o \u015brodowisko. Dlatego publikowane tre\u015bci pomagaj\u0105 zrozumie\u0107 zale\u017cno\u015bci mi\u0119dzy nawo\u017ceniem, zdrowotno\u015bci\u0105 ro\u015blin i jako\u015bci\u0105 plonu. <strong>Agro\u015awiadomi <\/strong>to miejsce dla tych, kt\u00f3rzy chc\u0105 rozwija\u0107 swoje gospodarstwo w spos\u00f3b przemy\u015blany i d\u0142ugofalowy.<\/p>\n","protected":false},"excerpt":{"rendered":"<p>Agro\u015awiadomi \u2013 Wiedza, kt\u00f3ra Plonuje to przestrze\u0144 stworzona z my\u015bl\u0105 o osobach zajmuj\u0105cych si\u0119 ogrodnictwem i rolnictwem, kt\u00f3re chc\u0105 podejmowa\u0107 decyzje w oparciu o rzeteln\u0105 wiedz\u0119, a nie przypadkowe informacje. Blog powsta\u0142 jako odpowied\u017a na rosn\u0105c\u0105 potrzeb\u0119 \u0142\u0105czenia praktyki z nauk\u0105 oraz przedstawiania zagadnie\u0144 agrotechnicznych w spos\u00f3b zrozumia\u0142y, a jednocze\u015bnie merytoryczny. Naszym celem jest prezentowanie [&hellip;]<\/p>\n","protected":false},"author":1,"featured_media":0,"parent":0,"menu_order":0,"comment_status":"closed","ping_status":"closed","template":"","meta":{"footnotes":""},"class_list":["post-24","page","type-page","status-publish","hentry"],"_links":{"self":[{"href":"https:\/\/e-kulturka.pl\/index.php?rest_route=\/wp\/v2\/pages\/24","targetHints":{"allow":["GET"]}}],"collection":[{"href":"https:\/\/e-kulturka.pl\/index.php?rest_route=\/wp\/v2\/pages"}],"about":[{"href":"https:\/\/e-kulturka.pl\/index.php?rest_route=\/wp\/v2\/types\/page"}],"author":[{"embeddable":true,"href":"https:\/\/e-kulturka.pl\/index.php?rest_route=\/wp\/v2\/users\/1"}],"replies":[{"embeddable":true,"href":"https:\/\/e-kulturka.pl\/index.php?rest_route=%2Fwp%2Fv2%2Fcomments&post=24"}],"version-history":[{"count":1,"href":"https:\/\/e-kulturka.pl\/index.php?rest_route=\/wp\/v2\/pages\/24\/revisions"}],"predecessor-version":[{"id":25,"href":"https:\/\/e-kulturka.pl\/index.php?rest_route=\/wp\/v2\/pages\/24\/revisions\/25"}],"wp:attachment":[{"href":"https:\/\/e-kulturka.pl\/index.php?rest_route=%2Fwp%2Fv2%2Fmedia&parent=24"}],"curies":[{"name":"wp","href":"https:\/\/api.w.org\/{rel}","templated":true}]}}